{"id":11223,"date":"2022-07-24T22:33:09","date_gmt":"2022-07-24T19:33:09","guid":{"rendered":"https:\/\/berbagroup.com\/catalogos\/"},"modified":"2025-07-09T21:35:07","modified_gmt":"2025-07-09T18:35:07","slug":"catalogos","status":"publish","type":"page","link":"https:\/\/berbagroup.com\/es\/catalogos\/","title":{"rendered":"Cat\u00e1logos"},"content":{"rendered":"\t\t<div data-elementor-type=\"wp-page\" data-elementor-id=\"11223\" class=\"elementor elementor-11223 elementor-5622\">\n\t\t\t\t\t\t<section class=\"elementor-section elementor-top-section elementor-element elementor-element-0896729 elementor-section-boxed elementor-section-height-default elementor-section-height-default\" data-id=\"0896729\" data-element_type=\"section\" data-e-type=\"section\">\n\t\t\t\t\t\t<div class=\"elementor-container elementor-column-gap-default\">\n\t\t\t\t\t<div class=\"elementor-column elementor-col-100 elementor-top-column elementor-element elementor-element-ad89d71\" data-id=\"ad89d71\" data-element_type=\"column\" data-e-type=\"column\">\n\t\t\t<div class=\"elementor-widget-wrap elementor-element-populated\">\n\t\t\t\t\t\t<section class=\"elementor-section elementor-inner-section elementor-element elementor-element-2083850 elementor-section-boxed elementor-section-height-default elementor-section-height-default\" data-id=\"2083850\" data-element_type=\"section\" data-e-type=\"section\">\n\t\t\t\t\t\t<div class=\"elementor-container elementor-column-gap-default\">\n\t\t\t\t\t<div class=\"elementor-column elementor-col-100 elementor-inner-column elementor-element elementor-element-939a123\" data-id=\"939a123\" data-element_type=\"column\" data-e-type=\"column\">\n\t\t\t<div class=\"elementor-widget-wrap elementor-element-populated\">\n\t\t\t\t\t\t<div class=\"elementor-element elementor-element-7ef99a6 elementor-widget elementor-widget-image\" data-id=\"7ef99a6\" data-element_type=\"widget\" data-e-type=\"widget\" data-settings=\"{&quot;_animation&quot;:&quot;none&quot;,&quot;_animation_delay&quot;:0}\" data-widget_type=\"image.default\">\n\t\t\t\t<div class=\"elementor-widget-container\">\n\t\t\t\t\t        <div class=\"elementor-image\">\n                                                <img decoding=\"async\" src=\"https:\/\/berbagroup.com\/wp-content\/uploads\/elementor\/thumbs\/catalogmockup-ps91m2mhsainviqrn1rzh3cf95ldo5jciljs74kars.jpg\" title=\"catalogmockup\" alt=\"catalogmockup\" loading=\"lazy\" \/>                                                            <\/div>\n        \t\t\t\t<\/div>\n\t\t\t\t<\/div>\n\t\t\t\t\t<\/div>\n\t\t<\/div>\n\t\t\t\t\t<\/div>\n\t\t<\/section>\n\t\t\t\t\t<\/div>\n\t\t<\/div>\n\t\t\t\t\t<\/div>\n\t\t<\/section>\n\t\t\t\t<section class=\"elementor-section elementor-top-section elementor-element elementor-element-8daa487 elementor-section-boxed elementor-section-height-default elementor-section-height-default\" data-id=\"8daa487\" data-element_type=\"section\" data-e-type=\"section\">\n\t\t\t\t\t\t<div class=\"elementor-container elementor-column-gap-default\">\n\t\t\t\t\t<div class=\"elementor-column elementor-col-100 elementor-top-column elementor-element elementor-element-000c234\" data-id=\"000c234\" data-element_type=\"column\" data-e-type=\"column\">\n\t\t\t<div class=\"elementor-widget-wrap elementor-element-populated\">\n\t\t\t\t\t\t<section class=\"elementor-section elementor-inner-section elementor-element elementor-element-57c21bb elementor-section-boxed elementor-section-height-default elementor-section-height-default\" data-id=\"57c21bb\" data-element_type=\"section\" data-e-type=\"section\">\n\t\t\t\t\t\t<div class=\"elementor-container elementor-column-gap-default\">\n\t\t\t\t\t<div class=\"elementor-column elementor-col-100 elementor-inner-column elementor-element elementor-element-ddce131\" data-id=\"ddce131\" data-element_type=\"column\" data-e-type=\"column\">\n\t\t\t<div class=\"elementor-widget-wrap elementor-element-populated\">\n\t\t\t\t\t\t<div class=\"elementor-element elementor-element-450aa13 elementor-widget elementor-widget-text-editor\" data-id=\"450aa13\" data-element_type=\"widget\" data-e-type=\"widget\" data-settings=\"{&quot;_animation&quot;:&quot;none&quot;}\" data-widget_type=\"text-editor.default\">\n\t\t\t\t<div class=\"elementor-widget-container\">\n\t\t\t\t\t\t\t<div class=\"elementor-text-editor elementor-clearfix\"><p>Explore nuestro cat\u00e1logo para crear su mobiliario personalizado con una amplia selecci\u00f3n de telas y cueros. Utilice los cat\u00e1logos a continuaci\u00f3n para ver las telas para sus muebles Berba y otras necesidades de tela. Puede acceder a <span style=\"text-decoration: underline;\">cat\u00e1logos interactivos<\/span> o archivos <span style=\"text-decoration: underline;\">PDF <\/span>a continuaci\u00f3n.  <\/p><\/div>\n\t\t\t\t\t\t<\/div>\n\t\t\t\t<\/div>\n\t\t\t\t\t<\/div>\n\t\t<\/div>\n\t\t\t\t\t<\/div>\n\t\t<\/section>\n\t\t\t\t\t<\/div>\n\t\t<\/div>\n\t\t\t\t\t<\/div>\n\t\t<\/section>\n\t\t\t\t<section class=\"elementor-section elementor-top-section elementor-element elementor-element-ada03b4 elementor-section-boxed elementor-section-height-default elementor-section-height-default\" data-id=\"ada03b4\" data-element_type=\"section\" data-e-type=\"section\">\n\t\t\t\t\t\t<div class=\"elementor-container elementor-column-gap-default\">\n\t\t\t\t\t<div class=\"elementor-column elementor-col-100 elementor-top-column elementor-element elementor-element-685ba70\" data-id=\"685ba70\" data-element_type=\"column\" data-e-type=\"column\">\n\t\t\t<div class=\"elementor-widget-wrap elementor-element-populated\">\n\t\t\t\t\t\t<section class=\"elementor-section elementor-inner-section elementor-element elementor-element-f8b6060 elementor-section-boxed elementor-section-height-default elementor-section-height-default\" data-id=\"f8b6060\" data-element_type=\"section\" data-e-type=\"section\">\n\t\t\t\t\t\t<div class=\"elementor-container elementor-column-gap-default\">\n\t\t\t\t\t<div class=\"elementor-column elementor-col-33 elementor-inner-column elementor-element elementor-element-2f781f9\" data-id=\"2f781f9\" data-element_type=\"column\" data-e-type=\"column\">\n\t\t\t<div class=\"elementor-widget-wrap elementor-element-populated\">\n\t\t\t\t\t\t<div class=\"elementor-element elementor-element-3f6f453 elementor-widget elementor-widget-image\" data-id=\"3f6f453\" data-element_type=\"widget\" data-e-type=\"widget\" data-widget_type=\"image.default\">\n\t\t\t\t<div class=\"elementor-widget-container\">\n\t\t\t\t\t        <div class=\"elementor-image\">\n                                                <img fetchpriority=\"high\" decoding=\"async\" width=\"600\" height=\"600\" src=\"https:\/\/berbagroup.com\/wp-content\/uploads\/2022\/08\/adecaleathercatalog.jpg\" class=\"attachment-large size-large wp-image-11227\" alt=\"\" srcset=\"https:\/\/berbagroup.com\/wp-content\/uploads\/2022\/08\/adecaleathercatalog.jpg 640w, https:\/\/berbagroup.com\/wp-content\/uploads\/2022\/08\/adecaleathercatalog-300x300.jpg 300w, https:\/\/berbagroup.com\/wp-content\/uploads\/2022\/08\/adecaleathercatalog-150x150.jpg 150w, https:\/\/berbagroup.com\/wp-content\/uploads\/2022\/08\/adecaleathercatalog-400x400.jpg 400w, https:\/\/berbagroup.com\/wp-content\/uploads\/2022\/08\/adecaleathercatalog-100x100.jpg 100w, https:\/\/berbagroup.com\/wp-content\/uploads\/2022\/08\/adecaleathercatalog-600x600.jpg 600w\" sizes=\"(max-width: 600px) 100vw, 600px\" \/>                                                            <\/div>\n        \t\t\t\t<\/div>\n\t\t\t\t<\/div>\n\t\t\t\t<div class=\"elementor-element elementor-element-ee13f41 elementor-align-center elementor-widget elementor-widget-button\" data-id=\"ee13f41\" data-element_type=\"widget\" data-e-type=\"widget\" data-widget_type=\"button.default\">\n\t\t\t\t<div class=\"elementor-widget-container\">\n\t\t\t\t\t\t\t\t\t<div class=\"elementor-button-wrapper\">\n\t\t\t\t\t<a class=\"elementor-button elementor-button-link elementor-size-md\" href=\"https:\/\/drive.google.com\/file\/d\/1DoYYuQrFiZgxFvX7A90a5aGyKi9cfHN5\/view?usp=sharing\" target=\"_blank\">\n\t\t\t\t\t\t<span class=\"elementor-button-content-wrapper\">\n\t\t\t\t\t\t<span class=\"elementor-button-icon\">\n\t\t\t\t<i aria-hidden=\"true\" class=\"far fa-file-pdf\"><\/i>\t\t\t<\/span>\n\t\t\t\t\t\t\t\t\t<span class=\"elementor-button-text\">DESCARGAR<\/span>\n\t\t\t\t\t<\/span>\n\t\t\t\t\t<\/a>\n\t\t\t\t<\/div>\n\t\t\t\t\t\t\t\t<\/div>\n\t\t\t\t<\/div>\n\t\t\t\t\t<\/div>\n\t\t<\/div>\n\t\t\t\t<div class=\"elementor-column elementor-col-33 elementor-inner-column elementor-element elementor-element-8a2f4a5\" data-id=\"8a2f4a5\" data-element_type=\"column\" data-e-type=\"column\">\n\t\t\t<div class=\"elementor-widget-wrap elementor-element-populated\">\n\t\t\t\t\t\t<div class=\"elementor-element elementor-element-c73df9c elementor-widget elementor-widget-image\" data-id=\"c73df9c\" data-element_type=\"widget\" data-e-type=\"widget\" data-widget_type=\"image.default\">\n\t\t\t\t<div class=\"elementor-widget-container\">\n\t\t\t\t\t        <div class=\"elementor-image\">\n                                                <img decoding=\"async\" width=\"600\" height=\"600\" src=\"https:\/\/berbagroup.com\/wp-content\/uploads\/2022\/08\/adecafabriccatalog.jpg\" class=\"attachment-large size-large wp-image-11228\" alt=\"\" srcset=\"https:\/\/berbagroup.com\/wp-content\/uploads\/2022\/08\/adecafabriccatalog.jpg 640w, https:\/\/berbagroup.com\/wp-content\/uploads\/2022\/08\/adecafabriccatalog-300x300.jpg 300w, https:\/\/berbagroup.com\/wp-content\/uploads\/2022\/08\/adecafabriccatalog-150x150.jpg 150w, https:\/\/berbagroup.com\/wp-content\/uploads\/2022\/08\/adecafabriccatalog-400x400.jpg 400w, https:\/\/berbagroup.com\/wp-content\/uploads\/2022\/08\/adecafabriccatalog-100x100.jpg 100w, https:\/\/berbagroup.com\/wp-content\/uploads\/2022\/08\/adecafabriccatalog-600x600.jpg 600w\" sizes=\"(max-width: 600px) 100vw, 600px\" \/>                                                            <\/div>\n        \t\t\t\t<\/div>\n\t\t\t\t<\/div>\n\t\t\t\t<div class=\"elementor-element elementor-element-13344bb elementor-align-center elementor-widget elementor-widget-button\" data-id=\"13344bb\" data-element_type=\"widget\" data-e-type=\"widget\" data-widget_type=\"button.default\">\n\t\t\t\t<div class=\"elementor-widget-container\">\n\t\t\t\t\t\t\t\t\t<div class=\"elementor-button-wrapper\">\n\t\t\t\t\t<a class=\"elementor-button elementor-button-link elementor-size-md\" href=\"https:\/\/drive.google.com\/drive\/u\/1\/folders\/1fCrynBYlKqljKy5gSCUD5n6gALhpxXtb\" target=\"_blank\">\n\t\t\t\t\t\t<span class=\"elementor-button-content-wrapper\">\n\t\t\t\t\t\t<span class=\"elementor-button-icon\">\n\t\t\t\t<i aria-hidden=\"true\" class=\"far fa-file-pdf\"><\/i>\t\t\t<\/span>\n\t\t\t\t\t\t\t\t\t<span class=\"elementor-button-text\">DESCARGAR<\/span>\n\t\t\t\t\t<\/span>\n\t\t\t\t\t<\/a>\n\t\t\t\t<\/div>\n\t\t\t\t\t\t\t\t<\/div>\n\t\t\t\t<\/div>\n\t\t\t\t\t<\/div>\n\t\t<\/div>\n\t\t\t\t<div class=\"elementor-column elementor-col-33 elementor-inner-column elementor-element elementor-element-4b0b113\" data-id=\"4b0b113\" data-element_type=\"column\" data-e-type=\"column\">\n\t\t\t<div class=\"elementor-widget-wrap elementor-element-populated\">\n\t\t\t\t\t\t<div class=\"elementor-element elementor-element-3aed4f9 elementor-widget elementor-widget-image\" data-id=\"3aed4f9\" data-element_type=\"widget\" data-e-type=\"widget\" data-widget_type=\"image.default\">\n\t\t\t\t<div class=\"elementor-widget-container\">\n\t\t\t\t\t        <div class=\"elementor-image\">\n                                                <img decoding=\"async\" width=\"600\" height=\"600\" src=\"https:\/\/berbagroup.com\/wp-content\/uploads\/2022\/08\/berbacatalog.jpg\" class=\"attachment-large size-large wp-image-11230\" alt=\"\" srcset=\"https:\/\/berbagroup.com\/wp-content\/uploads\/2022\/08\/berbacatalog.jpg 640w, https:\/\/berbagroup.com\/wp-content\/uploads\/2022\/08\/berbacatalog-300x300.jpg 300w, https:\/\/berbagroup.com\/wp-content\/uploads\/2022\/08\/berbacatalog-150x150.jpg 150w, https:\/\/berbagroup.com\/wp-content\/uploads\/2022\/08\/berbacatalog-400x400.jpg 400w, https:\/\/berbagroup.com\/wp-content\/uploads\/2022\/08\/berbacatalog-100x100.jpg 100w, https:\/\/berbagroup.com\/wp-content\/uploads\/2022\/08\/berbacatalog-600x600.jpg 600w\" sizes=\"(max-width: 600px) 100vw, 600px\" \/>                                                            <\/div>\n        \t\t\t\t<\/div>\n\t\t\t\t<\/div>\n\t\t\t\t<div class=\"elementor-element elementor-element-433ca8f elementor-align-center elementor-widget elementor-widget-button\" data-id=\"433ca8f\" data-element_type=\"widget\" data-e-type=\"widget\" data-widget_type=\"button.default\">\n\t\t\t\t<div class=\"elementor-widget-container\">\n\t\t\t\t\t\t\t\t\t<div class=\"elementor-button-wrapper\">\n\t\t\t\t\t<a class=\"elementor-button elementor-button-link elementor-size-md\" href=\"https:\/\/drive.google.com\/file\/d\/1GS3MgC-TKRqdRcRdi4ebhjKLBGuhZCmo\/view?usp=sharing\" target=\"_blank\">\n\t\t\t\t\t\t<span class=\"elementor-button-content-wrapper\">\n\t\t\t\t\t\t<span class=\"elementor-button-icon\">\n\t\t\t\t<i aria-hidden=\"true\" class=\"far fa-file-pdf\"><\/i>\t\t\t<\/span>\n\t\t\t\t\t\t\t\t\t<span class=\"elementor-button-text\">DESCARGAR<\/span>\n\t\t\t\t\t<\/span>\n\t\t\t\t\t<\/a>\n\t\t\t\t<\/div>\n\t\t\t\t\t\t\t\t<\/div>\n\t\t\t\t<\/div>\n\t\t\t\t\t<\/div>\n\t\t<\/div>\n\t\t\t\t\t<\/div>\n\t\t<\/section>\n\t\t\t\t<div class=\"elementor-element elementor-element-155297a elementor-widget elementor-widget-spacer\" data-id=\"155297a\" data-element_type=\"widget\" data-e-type=\"widget\" data-widget_type=\"spacer.default\">\n\t\t\t\t<div class=\"elementor-widget-container\">\n\t\t\t\t\t\t\t<div class=\"elementor-spacer\">\n\t\t\t<div class=\"elementor-spacer-inner\"><\/div>\n\t\t<\/div>\n\t\t\t\t\t\t<\/div>\n\t\t\t\t<\/div>\n\t\t\t\t\t<\/div>\n\t\t<\/div>\n\t\t\t\t\t<\/div>\n\t\t<\/section>\n\t\t\t\t<\/div>\n\t\t","protected":false},"excerpt":{"rendered":"<p>Explore nuestro cat\u00e1logo para crear su mobiliario personalizado con una amplia selecci\u00f3n de telas y cueros. Utilice los cat\u00e1logos a continuaci\u00f3n para ver las telas para sus muebles Berba y otras necesidades de tela. Puede acceder a cat\u00e1logos interactivos o archivos PDF a continuaci\u00f3n. DESCARGAR DESCARGAR DESCARGAR<\/p>\n","protected":false},"author":1,"featured_media":0,"parent":0,"menu_order":0,"comment_status":"closed","ping_status":"closed","template":"","meta":{"inline_featured_image":false,"_joinchat":[],"footnotes":""},"class_list":["post-11223","page","type-page","status-publish","hentry"],"yoast_head":"<!-- This site is optimized with the Yoast SEO plugin v27.5 - https:\/\/yoast.com\/product\/yoast-seo-wordpress\/ -->\n<title>Cat\u00e1logos - Berba Contract Furniture<\/title>\n<meta name=\"robots\" content=\"index, follow, max-snippet:-1, max-image-preview:large, max-video-preview:-1\" \/>\n<link rel=\"canonical\" href=\"https:\/\/berbagroup.com\/es\/catalogos\/\" \/>\n<meta property=\"og:locale\" content=\"es_ES\" \/>\n<meta property=\"og:type\" content=\"article\" \/>\n<meta property=\"og:title\" content=\"Cat\u00e1logos - Berba Contract Furniture\" \/>\n<meta property=\"og:description\" content=\"Explore nuestro cat\u00e1logo para crear su mobiliario personalizado con una amplia selecci\u00f3n de telas y cueros. Utilice los cat\u00e1logos a continuaci\u00f3n para ver las telas para sus muebles Berba y otras necesidades de tela. Puede acceder a cat\u00e1logos interactivos o archivos PDF a continuaci\u00f3n. DESCARGAR DESCARGAR DESCARGAR\" \/>\n<meta property=\"og:url\" content=\"https:\/\/berbagroup.com\/es\/catalogos\/\" \/>\n<meta property=\"og:site_name\" content=\"Berba Contract Furniture\" \/>\n<meta property=\"article:modified_time\" content=\"2025-07-09T18:35:07+00:00\" \/>\n<meta property=\"og:image\" content=\"https:\/\/berbagroup.com\/wp-content\/uploads\/elementor\/thumbs\/catalogmockup-ps91m2mhsainviqrn1rzh3cf95ldo5jciljs74kars.jpg\" \/>\n<meta name=\"twitter:card\" content=\"summary_large_image\" \/>\n<script type=\"application\/ld+json\" class=\"yoast-schema-graph\">{\"@context\":\"https:\\\/\\\/schema.org\",\"@graph\":[{\"@type\":\"WebPage\",\"@id\":\"https:\\\/\\\/berbagroup.com\\\/es\\\/catalogos\\\/\",\"url\":\"https:\\\/\\\/berbagroup.com\\\/es\\\/catalogos\\\/\",\"name\":\"Cat\u00e1logos - Berba Contract Furniture\",\"isPartOf\":{\"@id\":\"https:\\\/\\\/berbagroup.com\\\/es\\\/#website\"},\"primaryImageOfPage\":{\"@id\":\"https:\\\/\\\/berbagroup.com\\\/es\\\/catalogos\\\/#primaryimage\"},\"image\":{\"@id\":\"https:\\\/\\\/berbagroup.com\\\/es\\\/catalogos\\\/#primaryimage\"},\"thumbnailUrl\":\"https:\\\/\\\/berbagroup.com\\\/wp-content\\\/uploads\\\/elementor\\\/thumbs\\\/catalogmockup-ps91m2mhsainviqrn1rzh3cf95ldo5jciljs74kars.jpg\",\"datePublished\":\"2022-07-24T19:33:09+00:00\",\"dateModified\":\"2025-07-09T18:35:07+00:00\",\"breadcrumb\":{\"@id\":\"https:\\\/\\\/berbagroup.com\\\/es\\\/catalogos\\\/#breadcrumb\"},\"inLanguage\":\"es\",\"potentialAction\":[{\"@type\":\"ReadAction\",\"target\":[\"https:\\\/\\\/berbagroup.com\\\/es\\\/catalogos\\\/\"]}]},{\"@type\":\"ImageObject\",\"inLanguage\":\"es\",\"@id\":\"https:\\\/\\\/berbagroup.com\\\/es\\\/catalogos\\\/#primaryimage\",\"url\":\"https:\\\/\\\/berbagroup.com\\\/wp-content\\\/uploads\\\/elementor\\\/thumbs\\\/catalogmockup-ps91m2mhsainviqrn1rzh3cf95ldo5jciljs74kars.jpg\",\"contentUrl\":\"https:\\\/\\\/berbagroup.com\\\/wp-content\\\/uploads\\\/elementor\\\/thumbs\\\/catalogmockup-ps91m2mhsainviqrn1rzh3cf95ldo5jciljs74kars.jpg\"},{\"@type\":\"BreadcrumbList\",\"@id\":\"https:\\\/\\\/berbagroup.com\\\/es\\\/catalogos\\\/#breadcrumb\",\"itemListElement\":[{\"@type\":\"ListItem\",\"position\":1,\"name\":\"Home\",\"item\":\"https:\\\/\\\/berbagroup.com\\\/es\\\/\"},{\"@type\":\"ListItem\",\"position\":2,\"name\":\"Cat\u00e1logos\"}]},{\"@type\":\"WebSite\",\"@id\":\"https:\\\/\\\/berbagroup.com\\\/es\\\/#website\",\"url\":\"https:\\\/\\\/berbagroup.com\\\/es\\\/\",\"name\":\"Berba Contract Furniture\",\"description\":\"\",\"potentialAction\":[{\"@type\":\"SearchAction\",\"target\":{\"@type\":\"EntryPoint\",\"urlTemplate\":\"https:\\\/\\\/berbagroup.com\\\/es\\\/?s={search_term_string}\"},\"query-input\":{\"@type\":\"PropertyValueSpecification\",\"valueRequired\":true,\"valueName\":\"search_term_string\"}}],\"inLanguage\":\"es\"}]}<\/script>\n<!-- \/ Yoast SEO plugin. -->","yoast_head_json":{"title":"Cat\u00e1logos - Berba Contract Furniture","robots":{"index":"index","follow":"follow","max-snippet":"max-snippet:-1","max-image-preview":"max-image-preview:large","max-video-preview":"max-video-preview:-1"},"canonical":"https:\/\/berbagroup.com\/es\/catalogos\/","og_locale":"es_ES","og_type":"article","og_title":"Cat\u00e1logos - Berba Contract Furniture","og_description":"Explore nuestro cat\u00e1logo para crear su mobiliario personalizado con una amplia selecci\u00f3n de telas y cueros. Utilice los cat\u00e1logos a continuaci\u00f3n para ver las telas para sus muebles Berba y otras necesidades de tela. Puede acceder a cat\u00e1logos interactivos o archivos PDF a continuaci\u00f3n. DESCARGAR DESCARGAR DESCARGAR","og_url":"https:\/\/berbagroup.com\/es\/catalogos\/","og_site_name":"Berba Contract Furniture","article_modified_time":"2025-07-09T18:35:07+00:00","og_image":[{"url":"https:\/\/berbagroup.com\/wp-content\/uploads\/elementor\/thumbs\/catalogmockup-ps91m2mhsainviqrn1rzh3cf95ldo5jciljs74kars.jpg","type":"","width":"","height":""}],"twitter_card":"summary_large_image","schema":{"@context":"https:\/\/schema.org","@graph":[{"@type":"WebPage","@id":"https:\/\/berbagroup.com\/es\/catalogos\/","url":"https:\/\/berbagroup.com\/es\/catalogos\/","name":"Cat\u00e1logos - Berba Contract Furniture","isPartOf":{"@id":"https:\/\/berbagroup.com\/es\/#website"},"primaryImageOfPage":{"@id":"https:\/\/berbagroup.com\/es\/catalogos\/#primaryimage"},"image":{"@id":"https:\/\/berbagroup.com\/es\/catalogos\/#primaryimage"},"thumbnailUrl":"https:\/\/berbagroup.com\/wp-content\/uploads\/elementor\/thumbs\/catalogmockup-ps91m2mhsainviqrn1rzh3cf95ldo5jciljs74kars.jpg","datePublished":"2022-07-24T19:33:09+00:00","dateModified":"2025-07-09T18:35:07+00:00","breadcrumb":{"@id":"https:\/\/berbagroup.com\/es\/catalogos\/#breadcrumb"},"inLanguage":"es","potentialAction":[{"@type":"ReadAction","target":["https:\/\/berbagroup.com\/es\/catalogos\/"]}]},{"@type":"ImageObject","inLanguage":"es","@id":"https:\/\/berbagroup.com\/es\/catalogos\/#primaryimage","url":"https:\/\/berbagroup.com\/wp-content\/uploads\/elementor\/thumbs\/catalogmockup-ps91m2mhsainviqrn1rzh3cf95ldo5jciljs74kars.jpg","contentUrl":"https:\/\/berbagroup.com\/wp-content\/uploads\/elementor\/thumbs\/catalogmockup-ps91m2mhsainviqrn1rzh3cf95ldo5jciljs74kars.jpg"},{"@type":"BreadcrumbList","@id":"https:\/\/berbagroup.com\/es\/catalogos\/#breadcrumb","itemListElement":[{"@type":"ListItem","position":1,"name":"Home","item":"https:\/\/berbagroup.com\/es\/"},{"@type":"ListItem","position":2,"name":"Cat\u00e1logos"}]},{"@type":"WebSite","@id":"https:\/\/berbagroup.com\/es\/#website","url":"https:\/\/berbagroup.com\/es\/","name":"Berba Contract Furniture","description":"","potentialAction":[{"@type":"SearchAction","target":{"@type":"EntryPoint","urlTemplate":"https:\/\/berbagroup.com\/es\/?s={search_term_string}"},"query-input":{"@type":"PropertyValueSpecification","valueRequired":true,"valueName":"search_term_string"}}],"inLanguage":"es"}]}},"_links":{"self":[{"href":"https:\/\/berbagroup.com\/es\/wp-json\/wp\/v2\/pages\/11223","targetHints":{"allow":["GET"]}}],"collection":[{"href":"https:\/\/berbagroup.com\/es\/wp-json\/wp\/v2\/pages"}],"about":[{"href":"https:\/\/berbagroup.com\/es\/wp-json\/wp\/v2\/types\/page"}],"author":[{"embeddable":true,"href":"https:\/\/berbagroup.com\/es\/wp-json\/wp\/v2\/users\/1"}],"replies":[{"embeddable":true,"href":"https:\/\/berbagroup.com\/es\/wp-json\/wp\/v2\/comments?post=11223"}],"version-history":[{"count":1,"href":"https:\/\/berbagroup.com\/es\/wp-json\/wp\/v2\/pages\/11223\/revisions"}],"predecessor-version":[{"id":11231,"href":"https:\/\/berbagroup.com\/es\/wp-json\/wp\/v2\/pages\/11223\/revisions\/11231"}],"wp:attachment":[{"href":"https:\/\/berbagroup.com\/es\/wp-json\/wp\/v2\/media?parent=11223"}],"curies":[{"name":"wp","href":"https:\/\/api.w.org\/{rel}","templated":true}]}}